{"id":1631,"date":"2021-10-19T12:31:05","date_gmt":"2021-10-19T12:31:05","guid":{"rendered":"https:\/\/geschenktopia.de\/magazin\/?page_id=1631"},"modified":"2023-03-20T05:09:59","modified_gmt":"2023-03-20T05:09:59","slug":"ueber-uns","status":"publish","type":"page","link":"https:\/\/geschenktopia.de\/magazin\/ueber-uns\/","title":{"rendered":"\u00dcber uns"},"content":{"rendered":"<div class=\"gb-container gb-container-7fe4fe06 about-us-intro-text\"><div class=\"gb-inside-container\">\n\n<p>Kennst du das?<\/p>\n\n\n\n<p>Du suchst nach einem passenden Geschenk, aber wei\u00dft einfach nicht, was du schenken willst?<\/p>\n\n\n\n<p>Weil uns das auch dauernd passierte, haben wir Geschenktopia gestartet.<\/p>\n\n\n\n<p>Unsere Redakteure machen die Arbeit.<\/p>\n\n\n\n<p>Wir recherchieren, testen und vergleichen, was das Zeug h\u00e4lt, um dir in unseren Listen, die besten Geschenkideen vorzustellen!<\/p>\n\n<\/div><\/div>\n\n\n<h2 class=\"gb-headline gb-headline-100fc34c gb-headline-text about-us-heading\"><strong>FAQ<\/strong><\/h2>\n\n\n<div class=\"gb-container gb-container-3292a4d1\"><div class=\"gb-inside-container\">\n<div id=\"rank-math-faq\" class=\"rank-math-block about-us-faq\">\n<div class=\"rank-math-list \">\n<div id=\"faq-question-1635157016720\" class=\"rank-math-list-item\">\n<h3 class=\"rank-math-question about-us-faq-title\">Wie kommt es zu euren Bewertungen?<\/h3>\n<div class=\"rank-math-answer about-us-faq-content\">\n\n<p>Unsere Redakteure besch\u00e4ftigen sich gr\u00fcndlich mit den Produkten, \u00fcber die sie schreiben. Wir recherchieren, lesen fremde Testberichte, Kundenbewertungen und Kaufratgeber, um uns in jede Produktkategorie und in jedes Produkt einzuarbeiten.<\/p>\n<p>Die Bewertungen und Testergebnisse basieren auf alltagsnahen Tests. Wir bauen nicht auf undurchschaubare Algorithmen, nur um vorgeblich objektive Einzelwertungen in ein Gesamtergebnis umzurechnen.<\/p>\n<p>Wir entscheiden stattdessen ganzheitlich, in dem wir das Produkt mit allen Eigenschaften im tats\u00e4chlichen Anwendungsfall pr\u00fcfen und bewerten.<\/p>\n\n<\/div>\n<\/div>\n<div id=\"faq-question-1635157040420\" class=\"rank-math-list-item\">\n<h3 class=\"rank-math-question about-us-faq-title\">Ist das beste Produkt nicht immer das Teuerste?<\/h3>\n<div class=\"rank-math-answer about-us-faq-content\">\n\n<p>Nein, unser Siegel f\u00fcr das beste Produkt erh\u00e4lt das Produkt mit dem besten Preis-Leistungs-Verh\u00e4ltnis.<\/p>\n<p>In vielen, aber nicht allen F\u00e4llen gibt es teurere Produkte, die mehr k\u00f6nnen. Den Aufpreis sind das Mehr als Funktionen unserer Meinung nach allerdings oft nicht wert.<\/p>\n<p>Wenn du mehr in ein Produkt investieren m\u00f6chtest, halten wir dich aber bestimmt nicht ab. In einigen Tests weisen wir auch ein bestimmtes Produkt als &#8222;Premium Wahl&#8220;, das mehr als unser Testsieger kostet, aber auch mehr kann.<\/p>\n<p>F\u00fcr Sparf\u00fcchse bieten wir zudem das Siegel &#8222;Spartipp&#8220;, das ein besonders g\u00fcnstiges und zugleich gutes Produkt markiert.<\/p>\n\n<\/div>\n<\/div>\n<div id=\"faq-question-1635157057045\" class=\"rank-math-list-item\">\n<h3 class=\"rank-math-question about-us-faq-title\">Wie finanziert ihr euch?<\/h3>\n<div class=\"rank-math-answer about-us-faq-content\">\n\n<p>Wir finanzieren uns \u00fcber Werbeanzeigen und sogenannte Affiliate Links zu Amazon und vielen anderen Online-Shops. Kaufst du ein Produkt auf Amazon oder einem anderen Shop \u00fcber die Links auf unserer Seite, erhalten wir eine kleine Provision.<\/p>\n<p>Der Kaufpreis \u00e4ndert sich f\u00fcr dich nat\u00fcrlich nicht. Die Provisionen helfen uns dabei, die laufenden Kosten der Webseite und insbesondere die Geh\u00e4lter zu zahlen. Du hilfst dabei, dass wir weiterhin gut recherchierte und unabh\u00e4ngige Kaufberatung geben k\u00f6nnen.<\/p>\n<p>In Zukunft wollen wir noch mehr in aufw\u00e4ndigere Projekte, wie z.B. eigene Recherchen in der Form von E-Books investieren. Wenn du Ideen f\u00fcr spannende Themen hast oder bei einem solchen Projekt mitarbeiten w\u00fcrdest, <a href=\"\/kontakt\/\" data-type=\"URL\" data-id=\"\/kontakt\/\">melde dich gerne bei uns<\/a>.<\/p>\n\n<\/div>\n<\/div>\n<div id=\"faq-question-1635157079397\" class=\"rank-math-list-item\">\n<h3 class=\"rank-math-question about-us-faq-title\">Entsteht durch die Affiliate Links nicht ein Interessenkonflikt?<\/h3>\n<div class=\"rank-math-answer about-us-faq-content\">\n\n<p>Nein, denn wir verdienen nur etwas, wenn du auch wirklich mit den Produkten zufrieden bist. Schickst du den Artikel wieder zur\u00fcck, weil dieser nicht deinen Anspr\u00fcchen entspricht, bekommen wir auch keine Provision.<\/p>\n<p>Wichtig ist, dass niemals die Redakteure selbst Provision erhalten f\u00fcr die Produkte, die sie testen. Au\u00dferdem testen und empfehlen wir auch Produkte, die online gar nicht erh\u00e4ltlich sind, oder von Onlineshops,  mit denen wir keine Affiliate-Vereinbarung haben.<\/p>\n\n<\/div>\n<\/div>\n<div id=\"faq-question-1635157095059\" class=\"rank-math-list-item\">\n<h3 class=\"rank-math-question about-us-faq-title\">Verkauft Geschenktopia direkt Produkte?<\/h3>\n<div class=\"rank-math-answer about-us-faq-content\">\n\n<p>Nein, Geschenktopia verkauft keine Produkte. Wir sind nur ein Team von Enthusiasten, die informative und qualitativ hochwertige Artikel schreiben. Unsere Mission ist, dir bei der Kaufentscheidung zu helfen.<\/p>\n\n<\/div>\n<\/div>\n<div id=\"faq-question-1635157147722\" class=\"rank-math-list-item\">\n<h3 class=\"rank-math-question about-us-faq-title\">Ist es sicher, die empfohlenen Produkte \u00fcber eure Webseite zu kaufen?<\/h3>\n<div class=\"rank-math-answer about-us-faq-content\">\n\n<p>Ja, wir arbeiten ausschlie\u00dflich mit vertrauensw\u00fcrdigen und sicheren Online-Shops zusammen, die Mindeststandards erf\u00fcllen und nicht erst seit kurzer Zeit aktiv sind.<\/p>\n\n<\/div>\n<\/div>\n<div id=\"faq-question-1635157165695\" class=\"rank-math-list-item\">\n<h3 class=\"rank-math-question about-us-faq-title\">Warum fehlt X Produkt oder X Produktkategorie auf eurer Webseite?<\/h3>\n<div class=\"rank-math-answer about-us-faq-content\">\n\n<p>Wenn du eine Produktkategorie oder ein Produkt vermisst, <a href=\"\/kontakt\/\" data-type=\"URL\" data-id=\"\/kontakt\/\">schreibe uns an<\/a>.<\/p>\n\n<\/div>\n<\/div>\n<div id=\"faq-question-1635157188147\" class=\"rank-math-list-item\">\n<h3 class=\"rank-math-question about-us-faq-title\">Wie kann ich euch kontaktieren?<\/h3>\n<div class=\"rank-math-answer about-us-faq-content\">\n\n<p>Du kannst uns \u00fcber die Sozialen Medien kontaktieren oder uns einfach <a href=\"\/kontakt\/\" data-type=\"URL\" data-id=\"\/kontakt\/\">hier \u00fcber unsere Webseite erreichen<\/a>.<\/p>\n\n<\/div>\n<\/div>\n<\/div>\n<\/div>\n<\/div><\/div>\n\n<div class=\"gb-container gb-container-e52a47da about-us-team-container\"><div class=\"gb-inside-container\">\n\n<h2 class=\"gb-headline gb-headline-e15d094d gb-headline-text\" id=\"team\"><strong>Team<\/strong><\/h2>\n\n\n\n<p class=\"about-us-intro-text\">Unser Team setzt sich aus festen Team-Mitgliedern, freiberuflichen Fachredakteuren und Experten, die uns bei Recherchen unterst\u00fctzen, zusammen.<\/p>\n\n\n<div class=\"gb-grid-wrapper gb-grid-wrapper-e4b44c68 about-us-team-container\">\n<div class=\"gb-grid-column gb-grid-column-2146d784\"><div class=\"gb-container gb-container-2146d784 about-us-member-wrapper\"><div class=\"gb-inside-container\">\n<div class=\"wp-block-image about-us-member-img is-style-rounded\">\n<figure class=\"aligncenter size-full is-resized\"><img decoding=\"async\" src=\"https:\/\/geschenktopia.de\/magazin\/wp-content\/uploads\/2022\/10\/stand-up-paddling-author-300x300-1.jpeg\" alt=\"\" class=\"wp-image-5829\" width=\"175\" height=\"175\" srcset=\"https:\/\/geschenktopia.de\/magazin\/wp-content\/uploads\/2022\/10\/stand-up-paddling-author-300x300-1.jpeg 300w, https:\/\/geschenktopia.de\/magazin\/wp-content\/uploads\/2022\/10\/stand-up-paddling-author-300x300-1-150x150.jpeg 150w\" sizes=\"(max-width: 175px) 100vw, 175px\" \/><\/figure>\n<\/div>\n\n<div class=\"gb-container gb-container-822030a3\"><div class=\"gb-inside-container\">\n\n<h3 class=\"gb-headline gb-headline-7d40978c gb-headline-text about-us-member-name\">Maximilian Kuch<\/h3>\n\n<\/div><\/div>\n\n<div class=\"gb-container gb-container-0eefa864 about-us-member-desc\"><div class=\"gb-inside-container\">\n\n<p>Hi, ich hei\u00dfe Max. Schenken und Geschenke bekommen ist toll. Das richtige Geschenk zu finden, hingegen so gar nicht. Mit unseren Geschenkideen helfen wir dir weiter!<\/p>\n\n<\/div><\/div>\n\n<div class=\"gb-button-wrapper gb-button-wrapper-af4eec22 team-member-sm-buttons\">\n\n<a class=\"gb-button gb-button-1e484cca team-member-sm-fb\" href=\"https:\/\/www.facebook.com\/maximilian.kuch.75\/\" target=\"_blank\" rel=\"noopener\"><span class=\"gb-icon\"><svg aria-hidden=\"true\" role=\"img\" height=\"1em\" width=\"1em\" viewBox=\"0 0 320 512\" xmlns=\"http:\/\/www.w3.org\/2000\/svg\"><path fill=\"currentColor\" d=\"M279.14 288l14.22-92.66h-88.91v-60.13c0-25.35 12.42-50.06 52.24-50.06h40.42V6.26S260.43 0 225.36 0c-73.22 0-121.08 44.38-121.08 124.72v70.62H22.89V288h81.39v224h100.17V288z\"><\/path><\/svg><\/span><\/a>\n\n\n\n<a class=\"gb-button gb-button-94d6809f team-member-sm-in\" href=\"https:\/\/www.linkedin.com\/in\/maximilian-kuch\/\" target=\"_blank\" rel=\"noopener\"><span class=\"gb-icon\"><svg aria-hidden=\"true\" role=\"img\" height=\"1em\" width=\"1em\" viewBox=\"0 0 448 512\" xmlns=\"http:\/\/www.w3.org\/2000\/svg\"><path fill=\"currentColor\" d=\"M100.28 448H7.4V148.9h92.88zM53.79 108.1C24.09 108.1 0 83.5 0 53.8a53.79 53.79 0 0 1 107.58 0c0 29.7-24.1 54.3-53.79 54.3zM447.9 448h-92.68V302.4c0-34.7-.7-79.2-48.29-79.2-48.29 0-55.69 37.7-55.69 76.7V448h-92.78V148.9h89.08v40.8h1.3c12.4-23.5 42.69-48.3 87.88-48.3 94 0 111.28 61.9 111.28 142.3V448z\"><\/path><\/svg><\/span><\/a>\n\n<\/div>\n<\/div><\/div><\/div>\n\n<div class=\"gb-grid-column gb-grid-column-671f1e47\"><div class=\"gb-container gb-container-671f1e47 about-us-member-wrapper\"><div class=\"gb-inside-container\">\n<div class=\"wp-block-image about-us-member-img is-style-rounded\">\n<figure class=\"aligncenter size-full is-resized\"><img decoding=\"async\" src=\"https:\/\/geschenktopia.de\/magazin\/wp-content\/uploads\/2022\/10\/leon-do\u0308hler.256x256.jpg\" alt=\"\" class=\"wp-image-5825\" width=\"175\" height=\"175\" srcset=\"https:\/\/geschenktopia.de\/magazin\/wp-content\/uploads\/2022\/10\/leon-do\u0308hler.256x256.jpg 256w, https:\/\/geschenktopia.de\/magazin\/wp-content\/uploads\/2022\/10\/leon-do\u0308hler.256x256-150x150.jpg 150w\" sizes=\"(max-width: 175px) 100vw, 175px\" \/><\/figure>\n<\/div>\n\n<div class=\"gb-container gb-container-28ce0a38\"><div class=\"gb-inside-container\">\n\n<h3 class=\"gb-headline gb-headline-fe5049ce gb-headline-text about-us-member-name\">Leon D\u00f6hler<\/h3>\n\n<\/div><\/div>\n\n<div class=\"gb-container gb-container-8f4a03bf about-us-member-desc\"><div class=\"gb-inside-container\">\n\n<p>Hi, ich bin Leon. Ich sehe es ganz wie (angeblich) schon die R\u00f6mer: &#8222;Man irrt, wenn man glaubt, dass Schenken eine leichte Sache sei&#8220;. Bei Geschenktopia ver\u00f6ffentliche ich Geschenklisten und helfe mit Grafiken aus.  <\/p>\n\n<\/div><\/div>\n<\/div><\/div><\/div>\n\n<div class=\"gb-grid-column gb-grid-column-59552fb8\"><div class=\"gb-container gb-container-59552fb8 about-us-member-wrapper\"><div class=\"gb-inside-container\">\n<div class=\"wp-block-image about-us-member-img is-style-rounded\">\n<figure class=\"aligncenter size-full is-resized\"><img decoding=\"async\" src=\"https:\/\/geschenktopia.de\/magazin\/wp-content\/uploads\/2023\/03\/Alex-Becker.png\" alt=\"\" class=\"wp-image-10220\" width=\"175\" height=\"175\" srcset=\"https:\/\/geschenktopia.de\/magazin\/wp-content\/uploads\/2023\/03\/Alex-Becker.png 500w, https:\/\/geschenktopia.de\/magazin\/wp-content\/uploads\/2023\/03\/Alex-Becker-300x300.png 300w, https:\/\/geschenktopia.de\/magazin\/wp-content\/uploads\/2023\/03\/Alex-Becker-150x150.png 150w\" sizes=\"(max-width: 175px) 100vw, 175px\" \/><\/figure>\n<\/div>\n\n<div class=\"gb-container gb-container-e2dde522\"><div class=\"gb-inside-container\">\n\n<h3 class=\"gb-headline gb-headline-a5acbc63 gb-headline-text about-us-member-name\">Alex Becker<\/h3>\n\n<\/div><\/div>\n\n<div class=\"gb-container gb-container-906e7148 about-us-member-desc\"><div class=\"gb-inside-container\">\n\n<p>Hallo, ich bin Alex und ich liebe es, Geschenke zu finden, die wirklich ins Schwarze treffen. Ich glaube, dass es nichts Sch\u00f6neres gibt, als jemandem eine Freude zu machen. Aber ich wei\u00df auch aus eigener Erfahrung, dass es manchmal schwer sein kann, das perfekte Geschenk zu finden &#8211; genau da, helfe ich gerne!<\/p>\n\n<\/div><\/div>\n<\/div><\/div><\/div>\n<\/div>\n<\/div><\/div>\n\n<div class=\"gb-container gb-container-00a25bc3 about-us-join-team-container about-us-intro-text\"><div class=\"gb-inside-container\">\n<div class=\"gb-container gb-container-5c592f89\"><div class=\"gb-inside-container\">\n\n<h2 class=\"gb-headline gb-headline-750d4eeb gb-headline-text join-us-headline\"><strong>Arbeite mit uns<\/strong><\/h2>\n\n\n\n<p>Wenn du an diesem und anderen unserer Projekte mitarbeiten m\u00f6chtest, schreibe uns einfach an!<\/p>\n\n\n\n<p>Wir freuen uns auf freiberufliche Redakteure und Experten, die mithelfen wollen. Selbstverst\u00e4ndlich listen wir alle Helfer als Team-Mitglieder hier auf dieser Webseite. <\/p>\n\n\n\n<p>Au\u00dferdem bieten wir auch Festanstellungen an. Schaue dir jetzt die offenen Stellen an. <\/p>\n\n\n<div class=\"gb-button-wrapper gb-button-wrapper-ef34d9bb join-us-buttons\">\n\n<a class=\"gb-button gb-button-a16af95b gb-button-text join-us-button\" href=\"https:\/\/kuchventures.com\/jobs\/\" target=\"_blank\" rel=\"noopener\">Offene Stellen ansehen<\/a>\n\n<\/div>\n<\/div><\/div>\n<\/div><\/div>","protected":false},"excerpt":{"rendered":"<p>Kennst du das? Du suchst nach einem passenden Geschenk, aber wei\u00dft einfach nicht, was du schenken willst? Weil uns das &#8230; <\/p>\n<p class=\"read-more-container\"><a title=\"\u00dcber uns\" class=\"read-more button\" href=\"https:\/\/geschenktopia.de\/magazin\/ueber-uns\/#more-1631\" aria-label=\"Mehr Informationen \u00fcber \u00dcber uns\">Weiterlesen&#8230;<\/a><\/p>\n","protected":false},"author":2,"featured_media":0,"parent":0,"menu_order":0,"comment_status":"closed","ping_status":"closed","template":"","meta":{"footnotes":""},"class_list":["post-1631","page","type-page","status-publish"],"_links":{"self":[{"href":"https:\/\/geschenktopia.de\/magazin\/wp-json\/wp\/v2\/pages\/1631","targetHints":{"allow":["GET"]}}],"collection":[{"href":"https:\/\/geschenktopia.de\/magazin\/wp-json\/wp\/v2\/pages"}],"about":[{"href":"https:\/\/geschenktopia.de\/magazin\/wp-json\/wp\/v2\/types\/page"}],"author":[{"embeddable":true,"href":"https:\/\/geschenktopia.de\/magazin\/wp-json\/wp\/v2\/users\/2"}],"replies":[{"embeddable":true,"href":"https:\/\/geschenktopia.de\/magazin\/wp-json\/wp\/v2\/comments?post=1631"}],"version-history":[{"count":60,"href":"https:\/\/geschenktopia.de\/magazin\/wp-json\/wp\/v2\/pages\/1631\/revisions"}],"predecessor-version":[{"id":10244,"href":"https:\/\/geschenktopia.de\/magazin\/wp-json\/wp\/v2\/pages\/1631\/revisions\/10244"}],"wp:attachment":[{"href":"https:\/\/geschenktopia.de\/magazin\/wp-json\/wp\/v2\/media?parent=1631"}],"curies":[{"name":"wp","href":"https:\/\/api.w.org\/{rel}","templated":true}]}}